{"id":1241,"date":"2024-12-16T12:31:29","date_gmt":"2024-12-16T11:31:29","guid":{"rendered":"https:\/\/www.moovers.es\/preguntas-frecuentes\/"},"modified":"2025-02-27T12:32:19","modified_gmt":"2025-02-27T11:32:19","slug":"ofte-stilte-sporsmal","status":"publish","type":"page","link":"https:\/\/www.moovers.es\/no\/ofte-stilte-sporsmal\/","title":{"rendered":"Ofte stilte sp\u00f8rsm\u00e5l"},"content":{"rendered":"\t\t<div data-elementor-type=\"wp-page\" data-elementor-id=\"1241\" class=\"elementor elementor-1241 elementor-16\" data-elementor-post-type=\"page\">\n\t\t\t\t<div class=\"elementor-element elementor-element-873794a e-flex e-con-boxed e-con e-parent\" data-id=\"873794a\" data-element_type=\"container\" data-e-type=\"container\" data-settings=\"{&quot;background_background&quot;:&quot;classic&quot;}\">\n\t\t\t\t\t<div class=\"e-con-inner\">\n\t\t\t\t<div class=\"elementor-element elementor-element-dae4ba6 elementor-widget__width-inherit elementor-invisible elementor-widget elementor-widget-heading\" data-id=\"dae4ba6\" data-element_type=\"widget\" data-e-type=\"widget\" data-settings=\"{&quot;_animation&quot;:&quot;fadeIn&quot;}\" data-widget_type=\"heading.default\">\n\t\t\t\t\t<h1 class=\"elementor-heading-title elementor-size-default\">Ofte stilte sp\u00f8rsm\u00e5l<\/h1>\t\t\t\t<\/div>\n\t\t\t\t<div class=\"elementor-element elementor-element-8239b9b elementor-icon-list--layout-inline elementor-align-center elementor-list-item-link-full_width elementor-invisible elementor-widget elementor-widget-icon-list\" data-id=\"8239b9b\" data-element_type=\"widget\" data-e-type=\"widget\" data-settings=\"{&quot;_animation&quot;:&quot;fadeIn&quot;,&quot;_animation_delay&quot;:200}\" data-widget_type=\"icon-list.default\">\n\t\t\t\t\t\t\t<ul class=\"elementor-icon-list-items elementor-inline-items\">\n\t\t\t\t\t\t\t<li class=\"elementor-icon-list-item elementor-inline-item\">\n\t\t\t\t\t\t\t\t\t\t\t<a href=\"\/\">\n\n\t\t\t\t\t\t\t\t\t\t\t<span class=\"elementor-icon-list-text\">Hjem<\/span>\n\t\t\t\t\t\t\t\t\t\t\t<\/a>\n\t\t\t\t\t\t\t\t\t<\/li>\n\t\t\t\t\t\t\t\t<li class=\"elementor-icon-list-item elementor-inline-item\">\n\t\t\t\t\t\t\t\t\t\t\t<span class=\"elementor-icon-list-icon\">\n\t\t\t\t\t\t\t<i aria-hidden=\"true\" class=\"icon icon-arrow-right\"><\/i>\t\t\t\t\t\t<\/span>\n\t\t\t\t\t\t\t\t\t\t<span class=\"elementor-icon-list-text\">FAQ<\/span>\n\t\t\t\t\t\t\t\t\t<\/li>\n\t\t\t\t\t\t<\/ul>\n\t\t\t\t\t\t<\/div>\n\t\t\t\t\t<\/div>\n\t\t\t\t<\/div>\n\t\t<div class=\"elementor-element elementor-element-f11c92a e-flex e-con-boxed e-con e-parent\" data-id=\"f11c92a\" data-element_type=\"container\" data-e-type=\"container\" data-settings=\"{&quot;background_background&quot;:&quot;classic&quot;}\">\n\t\t\t\t\t<div class=\"e-con-inner\">\n\t\t\t\t<div class=\"elementor-element elementor-element-1860806 elementor-widget elementor-widget-heading\" data-id=\"1860806\" data-element_type=\"widget\" data-e-type=\"widget\" data-widget_type=\"heading.default\">\n\t\t\t\t\t<h2 class=\"elementor-heading-title elementor-size-default\">Alt du trenger \u00e5 vite<\/h2>\t\t\t\t<\/div>\n\t\t\t\t<div class=\"elementor-element elementor-element-fc90a0f elementor-widget elementor-widget-text-editor\" data-id=\"fc90a0f\" data-element_type=\"widget\" data-e-type=\"widget\" data-widget_type=\"text-editor.default\">\n\t\t\t\t\t\t\t\t\t<p>I denne seksjonen finner du svar p\u00e5 de vanligste sp\u00f8rsm\u00e5lene om v\u00e5r bilutleietjeneste. Fra hvordan du bestiller et kj\u00f8ret\u00f8y til v\u00e5re drivstoff- og forsikringspolicyer, har vi samlet all informasjonen du trenger for \u00e5 gj\u00f8re opplevelsen din enkel og problemfri. Hvis du ikke finner svaret p\u00e5 sp\u00f8rsm\u00e5let ditt, ikke n\u00f8l med \u00e5 kontakte oss; vi hjelper deg gjerne. Utforsk v\u00e5re ofte stilte sp\u00f8rsm\u00e5l og reis med full tillit!   <\/p>\t\t\t\t\t\t\t\t<\/div>\n\t\t\t\t<div class=\"elementor-element elementor-element-4070079 elementor-widget elementor-widget-html\" data-id=\"4070079\" data-element_type=\"widget\" data-e-type=\"widget\" data-widget_type=\"html.default\">\n\t\t\t\t\t<script>jQuery(document).ready(function($){\n        setTimeout(function(){\n            console.log(\"hola\")\n            $('.e-n-tabs-heading .e-n-tab-title').attr('aria-selected','false')\n            $('.e-n-tabs-content .elementor-element.e-child').removeClass('e-active')\n        },100)\n        \n    })\n<\/script>\t\t\t\t<\/div>\n\t\t\t\t<div class=\"elementor-element elementor-element-584920b e-n-tabs-mobile elementor-widget elementor-widget-n-tabs\" data-id=\"584920b\" data-element_type=\"widget\" data-e-type=\"widget\" data-widget_type=\"nested-tabs.default\">\n\t\t\t\t\t\t\t<div class=\"e-n-tabs\" data-widget-number=\"92574219\" aria-label=\"Tabs. Open items with Enter or Space, close with Escape and navigate using the Arrow keys.\">\n\t\t\t<div class=\"e-n-tabs-heading\" role=\"tablist\">\n\t\t\t\t\t<button id=\"e-n-tab-title-925742191\" data-tab-title-id=\"e-n-tab-title-925742191\" class=\"e-n-tab-title\" aria-selected=\"true\" data-tab-index=\"1\" role=\"tab\" tabindex=\"0\" aria-controls=\"e-n-tab-content-925742191\" style=\"--n-tabs-title-order: 1;\">\n\t\t\t\t\t\t<span class=\"e-n-tab-title-text\">\n\t\t\t\tBetalingsmetoder og depositum\t\t\t<\/span>\n\t\t<\/button>\n\t\t\t\t<button id=\"e-n-tab-title-925742192\" data-tab-title-id=\"e-n-tab-title-925742192\" class=\"e-n-tab-title\" aria-selected=\"false\" data-tab-index=\"2\" role=\"tab\" tabindex=\"-1\" aria-controls=\"e-n-tab-content-925742192\" style=\"--n-tabs-title-order: 2;\">\n\t\t\t\t\t\t<span class=\"e-n-tab-title-text\">\n\t\t\t\tHvilke dokumenter trenger jeg for \u00e5 hente leiebilen min?\t\t\t<\/span>\n\t\t<\/button>\n\t\t\t\t<button id=\"e-n-tab-title-925742193\" data-tab-title-id=\"e-n-tab-title-925742193\" class=\"e-n-tab-title\" aria-selected=\"false\" data-tab-index=\"3\" role=\"tab\" tabindex=\"-1\" aria-controls=\"e-n-tab-content-925742193\" style=\"--n-tabs-title-order: 3;\">\n\t\t\t\t\t\t<span class=\"e-n-tab-title-text\">\n\t\t\t\tHvilket forsikringsdekning tilbyr Infinity-pakken?\t\t\t<\/span>\n\t\t<\/button>\n\t\t\t\t<button id=\"e-n-tab-title-925742194\" data-tab-title-id=\"e-n-tab-title-925742194\" class=\"e-n-tab-title\" aria-selected=\"false\" data-tab-index=\"4\" role=\"tab\" tabindex=\"-1\" aria-controls=\"e-n-tab-content-925742194\" style=\"--n-tabs-title-order: 4;\">\n\t\t\t\t\t\t<span class=\"e-n-tab-title-text\">\n\t\t\t\tHva er den maksimale leiekontraktsperioden?\t\t\t<\/span>\n\t\t<\/button>\n\t\t\t\t<button id=\"e-n-tab-title-925742195\" data-tab-title-id=\"e-n-tab-title-925742195\" class=\"e-n-tab-title\" aria-selected=\"false\" data-tab-index=\"5\" role=\"tab\" tabindex=\"-1\" aria-controls=\"e-n-tab-content-925742195\" style=\"--n-tabs-title-order: 5;\">\n\t\t\t\t\t\t<span class=\"e-n-tab-title-text\">\n\t\t\t\tKan jeg forlenge leiekontrakten?\t\t\t<\/span>\n\t\t<\/button>\n\t\t\t\t<button id=\"e-n-tab-title-925742196\" data-tab-title-id=\"e-n-tab-title-925742196\" class=\"e-n-tab-title\" aria-selected=\"false\" data-tab-index=\"6\" role=\"tab\" tabindex=\"-1\" aria-controls=\"e-n-tab-content-925742196\" style=\"--n-tabs-title-order: 6;\">\n\t\t\t\t\t\t<span class=\"e-n-tab-title-text\">\n\t\t\t\tKan jeg kj\u00f8re bilen utenfor Spania?\t\t\t<\/span>\n\t\t<\/button>\n\t\t\t\t<button id=\"e-n-tab-title-925742197\" data-tab-title-id=\"e-n-tab-title-925742197\" class=\"e-n-tab-title\" aria-selected=\"false\" data-tab-index=\"7\" role=\"tab\" tabindex=\"-1\" aria-controls=\"e-n-tab-content-925742197\" style=\"--n-tabs-title-order: 7;\">\n\t\t\t\t\t\t<span class=\"e-n-tab-title-text\">\n\t\t\t\tHva er avbestillingspolicyen for forh\u00e5ndsbetalte bestillinger?\t\t\t<\/span>\n\t\t<\/button>\n\t\t\t\t\t<\/div>\n\t\t\t<div class=\"e-n-tabs-content\">\n\t\t\t\t<div id=\"e-n-tab-content-925742191\" role=\"tabpanel\" aria-labelledby=\"e-n-tab-title-925742191\" data-tab-index=\"1\" style=\"--n-tabs-title-order: 1;\" class=\"e-active elementor-element elementor-element-df00e24 e-con-full e-flex e-con e-child\" data-id=\"df00e24\" data-element_type=\"container\" data-e-type=\"container\">\n\t\t\t\t<div class=\"elementor-element elementor-element-ea00052 elementor-widget elementor-widget-text-editor\" data-id=\"ea00052\" data-element_type=\"widget\" data-e-type=\"widget\" data-widget_type=\"text-editor.default\">\n\t\t\t\t\t\t\t\t\t<p>De fleste av v\u00e5re kunder nyter v\u00e5re leiebiler uten bekymringer og uten depositum, da de bestiller v\u00e5r <strong>Infinity<\/strong>-pakke.<\/p><p>Hvis du bestiller v\u00e5r grunnpris og velger \u00e5 ikke ta v\u00e5r full dekning, m\u00e5 du legge igjen et depositum som tilsvarer egenandelen (avhengig av kj\u00f8ret\u00f8ykategorien).<\/p><p>Depositumet m\u00e5 betales med et gyldig kredittkort (Visa eller MasterCard) i <strong>navnet<\/strong><br><strong>til hovedsj\u00e5f\u00f8ren<\/strong>. Det er ikke mulig \u00e5 betale depositumet med debetkort eller forh\u00e5ndsbetalt kort. Virtuelle kort, Wallet-kort, Apple Pay, American Express eller kontantbetalinger aksepteres ikke.  <\/p><p>Hvis du har tegnet en forsikring med et eksternt selskap, m\u00e5 du legge igjen et depositum for egenandelen, da kontrakten eller avtalen er mellom deg og en tredjepart.<\/p><p>Bilutleie med debetkort er mulig hvis du bestiller v\u00e5r <strong>Infinity<\/strong>-pakke. Med <strong>Infinity <\/strong>kan du betale med et Visa eller MasterCard kredittkort eller et Visa, MasterCard eller Maestro debetkort. Du kan ogs\u00e5 betale med debetkort hvis du tegner v\u00e5r <strong>full dekning<\/strong> (Super Cover).  <\/p>\t\t\t\t\t\t\t\t<\/div>\n\t\t\t\t<\/div>\n\t\t<div id=\"e-n-tab-content-925742192\" role=\"tabpanel\" aria-labelledby=\"e-n-tab-title-925742192\" data-tab-index=\"2\" style=\"--n-tabs-title-order: 2;\" class=\" elementor-element elementor-element-fc54bcf e-con-full e-flex e-con e-child\" data-id=\"fc54bcf\" data-element_type=\"container\" data-e-type=\"container\">\n\t\t\t\t<div class=\"elementor-element elementor-element-674ac86 elementor-widget elementor-widget-text-editor\" data-id=\"674ac86\" data-element_type=\"widget\" data-e-type=\"widget\" data-widget_type=\"text-editor.default\">\n\t\t\t\t\t\t\t\t\t<p>F\u00f8lgende <strong>dokumenter <\/strong>kreves for henting av kj\u00f8ret\u00f8yet:<\/p><ul><li><strong>ID\/Pass<\/strong><\/li><li>Gyldig f\u00f8rerkort for alle f\u00f8rere som er oppf\u00f8rt i kontrakten. Kunden m\u00e5 fremvise internasjonalt f\u00f8rerkort: <ul><li>N\u00e5r f\u00f8rerkortet ikke er fra EU eller Storbritannia og ikke er oppf\u00f8rt p\u00e5 DGT-avtalene.<\/li><li>N\u00e5r f\u00f8rerkortet er skrevet p\u00e5 et alfabet annet enn det romerske.<\/li><\/ul><\/li><li>Flynummer og\/eller boardingkort vil bli gitt p\u00e5 tidspunktet for bestillingen. Hvis kunden ikke henter kj\u00f8ret\u00f8yet innen 59 minutter fra den angitte hentetiden, KAN reservasjonen KAN SELGES UTEN FORH\u00c5NDSADVARSEL. <\/li><\/ul><p><strong>*Flynummer og\/eller boardingkort vil bli forespurt f\u00f8r kontrakten fullf\u00f8res. V\u00e6r oppmerksom p\u00e5 at for \u00e5 leie bilen, m\u00e5 du ankomme p\u00e5 et fly samme dag og tid som hentetiden og oppgi et gyldig flynummer i bestillingsskjemaet. Ved tvil eller inkonsekvenser vil vi ogs\u00e5 kontrollere returflyet. Boardingkortet vil bli bedt om ved skranken. Hvis kunden ikke har denne informasjonen, forbeholder vi oss retten til \u00e5 ikke gi ut kj\u00f8ret\u00f8yet.    <\/strong><\/p><p>Alle dokumentene som fremlegges, m\u00e5 v\u00e6re i originalformat eller leveres direkte via den relevante myndighetens digitale applikasjon. Bilder, kopier eller lignende dokumenter aksepteres ikke under noen omstendigheter. <\/p><p>Hvis kontraktsholderen og alle f\u00f8rerne oppf\u00f8rt i kontrakten ikke fremlegger de n\u00f8dvendige dokumentene, vil det ikke v\u00e6re mulig \u00e5 levere kj\u00f8ret\u00f8yet.<\/p>\t\t\t\t\t\t\t\t<\/div>\n\t\t\t\t<\/div>\n\t\t<div id=\"e-n-tab-content-925742193\" role=\"tabpanel\" aria-labelledby=\"e-n-tab-title-925742193\" data-tab-index=\"3\" style=\"--n-tabs-title-order: 3;\" class=\" elementor-element elementor-element-274b480 e-con-full e-flex e-con e-child\" data-id=\"274b480\" data-element_type=\"container\" data-e-type=\"container\">\n\t\t\t\t<div class=\"elementor-element elementor-element-4f93667 elementor-widget elementor-widget-text-editor\" data-id=\"4f93667\" data-element_type=\"widget\" data-e-type=\"widget\" data-widget_type=\"text-editor.default\">\n\t\t\t\t\t\t\t\t\t<p><strong>Infinity<\/strong>-dekningen og\/eller <strong>Super Cover<\/strong> inkluderer full dekning av bilens utside.<\/p><p>Under ingen omstendigheter dekkes:<\/p><ul><li>Skader p\u00e5 innsiden av kj\u00f8ret\u00f8yet.<\/li><li>Tyveri, tap eller skade p\u00e5 n\u00f8kkelen.<\/li><li>Skader p\u00e5 undersiden og taket.<\/li><li>Skader p\u00e5 motor og\/eller motorrom.<\/li><li>Strukturelle skader.<\/li><li>Skader for\u00e5rsaket av sj\u00e5f\u00f8rens uaktsomhet (eller under omstendigheter som bryter med leieavtalen).<\/li><li>Skader som f\u00f8lge av brudd p\u00e5 trafikkregler og trafikksikkerhet.<\/li><li>Tyveri eller brann av kj\u00f8ret\u00f8yet.<\/li><li>Skader for\u00e5rsaket av naturkatastrofer.<\/li><\/ul>\t\t\t\t\t\t\t\t<\/div>\n\t\t\t\t<\/div>\n\t\t<div id=\"e-n-tab-content-925742194\" role=\"tabpanel\" aria-labelledby=\"e-n-tab-title-925742194\" data-tab-index=\"4\" style=\"--n-tabs-title-order: 4;\" class=\" elementor-element elementor-element-4a8c2d8 e-con-full e-flex e-con e-child\" data-id=\"4a8c2d8\" data-element_type=\"container\" data-e-type=\"container\">\n\t\t\t\t<div class=\"elementor-element elementor-element-2eba4f9 elementor-widget elementor-widget-text-editor\" data-id=\"2eba4f9\" data-element_type=\"widget\" data-e-type=\"widget\" data-widget_type=\"text-editor.default\">\n\t\t\t\t\t\t\t\t\t<p>Korttidsleie kan ikke overstige 25 dager.<\/p>\t\t\t\t\t\t\t\t<\/div>\n\t\t\t\t<\/div>\n\t\t<div id=\"e-n-tab-content-925742195\" role=\"tabpanel\" aria-labelledby=\"e-n-tab-title-925742195\" data-tab-index=\"5\" style=\"--n-tabs-title-order: 5;\" class=\" elementor-element elementor-element-7a3ad11 e-con-full e-flex e-con e-child\" data-id=\"7a3ad11\" data-element_type=\"container\" data-e-type=\"container\">\n\t\t\t\t<div class=\"elementor-element elementor-element-63a589a elementor-widget elementor-widget-text-editor\" data-id=\"63a589a\" data-element_type=\"widget\" data-e-type=\"widget\" data-widget_type=\"text-editor.default\">\n\t\t\t\t\t\t\t\t\t<p>Forlengelser av kontrakter er avhengig av tilgjengeligheten av kj\u00f8ret\u00f8yet. Du m\u00e5 opps\u00f8ke <strong>Moovers <\/strong>kontorer for \u00e5 gj\u00f8re dette. <\/p>\t\t\t\t\t\t\t\t<\/div>\n\t\t\t\t<\/div>\n\t\t<div id=\"e-n-tab-content-925742196\" role=\"tabpanel\" aria-labelledby=\"e-n-tab-title-925742196\" data-tab-index=\"6\" style=\"--n-tabs-title-order: 6;\" class=\" elementor-element elementor-element-1445e5d e-con-full e-flex e-con e-child\" data-id=\"1445e5d\" data-element_type=\"container\" data-e-type=\"container\">\n\t\t\t\t<div class=\"elementor-element elementor-element-d8ca959 elementor-widget elementor-widget-text-editor\" data-id=\"d8ca959\" data-element_type=\"widget\" data-e-type=\"widget\" data-widget_type=\"text-editor.default\">\n\t\t\t\t\t\t\t\t\t<p><strong>Alicante:<\/strong><\/p><p>Det er ikke tillatt \u00e5 krysse grensen. Kj\u00f8ret\u00f8yet er kun tillatt \u00e5 kj\u00f8re p\u00e5 halv\u00f8ya. <\/p><p><strong>Palma de Mallorca:<\/strong><\/p><p>Det er ikke tillatt \u00e5 laste en leiebil p\u00e5 et skip, ferge eller annet transportmiddel. Leiebiler p\u00e5 Palma de Mallorca flyplass kan kun kj\u00f8res p\u00e5 \u00f8ya Mallorca. <\/p>\t\t\t\t\t\t\t\t<\/div>\n\t\t\t\t<\/div>\n\t\t<div id=\"e-n-tab-content-925742197\" role=\"tabpanel\" aria-labelledby=\"e-n-tab-title-925742197\" data-tab-index=\"7\" style=\"--n-tabs-title-order: 7;\" class=\" elementor-element elementor-element-e53f9e6 e-con-full e-flex e-con e-child\" data-id=\"e53f9e6\" data-element_type=\"container\" data-e-type=\"container\">\n\t\t\t\t<div class=\"elementor-element elementor-element-2caf53c elementor-widget elementor-widget-text-editor\" data-id=\"2caf53c\" data-element_type=\"widget\" data-e-type=\"widget\" data-widget_type=\"text-editor.default\">\n\t\t\t\t\t\t\t\t\t<p>Hvis du har bestilt via v\u00e5rt nettsted og \u00f8nsker \u00e5 kansellere bestillingen din, vennligst send en e-post til <a href=\"mailto:info@moovers.es\">info@moovers.es<\/a> med bestillingsnummeret ditt og \u00e5rsaken til kanselleringen.<\/p><p><strong>Avbestillingspolicy:<\/strong><\/p><p>Mer enn 24 timer f\u00f8r dato og klokkeslett for henting av kj\u00f8ret\u00f8yet -&gt; Gratis<\/p><p>Innen 24 timer f\u00f8r dato og klokkeslett for henting av kj\u00f8ret\u00f8yet -&gt; Kun refunderbart med <strong>Infinity<\/strong>-pakken.<\/p>\t\t\t\t\t\t\t\t<\/div>\n\t\t\t\t<\/div>\n\t\t\t\t\t<\/div>\n\t\t<\/div>\n\t\t\t\t\t\t<\/div>\n\t\t\t\t\t<\/div>\n\t\t\t\t<\/div>\n\t\t\t\t<\/div>\n\t\t","protected":false},"excerpt":{"rendered":"<p>Ofte stilte sp\u00f8rsm\u00e5l Hjem FAQ Alt du trenger \u00e5 vite I denne seksjonen finner du svar p\u00e5 de vanligste sp\u00f8rsm\u00e5lene om v\u00e5r bilutleietjeneste. Fra hvordan du bestiller et kj\u00f8ret\u00f8y til v\u00e5re drivstoff- og forsikringspolicyer, har vi samlet all informasjonen du trenger for \u00e5 gj\u00f8re opplevelsen din enkel og problemfri. Hvis du ikke finner svaret p\u00e5 [&hellip;]<\/p>\n","protected":false},"author":1,"featured_media":0,"parent":0,"menu_order":0,"comment_status":"closed","ping_status":"closed","template":"","meta":{"footnotes":""},"class_list":["post-1241","page","type-page","status-publish","hentry"],"_links":{"self":[{"href":"https:\/\/www.moovers.es\/no\/wp-json\/wp\/v2\/pages\/1241","targetHints":{"allow":["GET"]}}],"collection":[{"href":"https:\/\/www.moovers.es\/no\/wp-json\/wp\/v2\/pages"}],"about":[{"href":"https:\/\/www.moovers.es\/no\/wp-json\/wp\/v2\/types\/page"}],"author":[{"embeddable":true,"href":"https:\/\/www.moovers.es\/no\/wp-json\/wp\/v2\/users\/1"}],"replies":[{"embeddable":true,"href":"https:\/\/www.moovers.es\/no\/wp-json\/wp\/v2\/comments?post=1241"}],"version-history":[{"count":0,"href":"https:\/\/www.moovers.es\/no\/wp-json\/wp\/v2\/pages\/1241\/revisions"}],"wp:attachment":[{"href":"https:\/\/www.moovers.es\/no\/wp-json\/wp\/v2\/media?parent=1241"}],"curies":[{"name":"wp","href":"https:\/\/api.w.org\/{rel}","templated":true}]}}