{"id":1240,"date":"2024-12-16T12:31:29","date_gmt":"2024-12-16T11:31:29","guid":{"rendered":"https:\/\/www.moovers.es\/preguntas-frecuentes\/"},"modified":"2025-02-28T07:30:23","modified_gmt":"2025-02-28T06:30:23","slug":"questions-frequemment-posees","status":"publish","type":"page","link":"https:\/\/www.moovers.es\/fr\/questions-frequemment-posees\/","title":{"rendered":"Questions fr\u00e9quemment pos\u00e9es"},"content":{"rendered":"\t\t<div data-elementor-type=\"wp-page\" data-elementor-id=\"1240\" class=\"elementor elementor-1240 elementor-16\" data-elementor-post-type=\"page\">\n\t\t\t\t<div class=\"elementor-element elementor-element-873794a e-flex e-con-boxed e-con e-parent\" data-id=\"873794a\" data-element_type=\"container\" data-e-type=\"container\" data-settings=\"{&quot;background_background&quot;:&quot;classic&quot;}\">\n\t\t\t\t\t<div class=\"e-con-inner\">\n\t\t\t\t<div class=\"elementor-element elementor-element-dae4ba6 elementor-widget__width-inherit elementor-invisible elementor-widget elementor-widget-heading\" data-id=\"dae4ba6\" data-element_type=\"widget\" data-e-type=\"widget\" data-settings=\"{&quot;_animation&quot;:&quot;fadeIn&quot;}\" data-widget_type=\"heading.default\">\n\t\t\t\t\t<h1 class=\"elementor-heading-title elementor-size-default\">Questions fr\u00e9quemment pos\u00e9es<\/h1>\t\t\t\t<\/div>\n\t\t\t\t<div class=\"elementor-element elementor-element-8239b9b elementor-icon-list--layout-inline elementor-align-center elementor-list-item-link-full_width elementor-invisible elementor-widget elementor-widget-icon-list\" data-id=\"8239b9b\" data-element_type=\"widget\" data-e-type=\"widget\" data-settings=\"{&quot;_animation&quot;:&quot;fadeIn&quot;,&quot;_animation_delay&quot;:200}\" data-widget_type=\"icon-list.default\">\n\t\t\t\t\t\t\t<ul class=\"elementor-icon-list-items elementor-inline-items\">\n\t\t\t\t\t\t\t<li class=\"elementor-icon-list-item elementor-inline-item\">\n\t\t\t\t\t\t\t\t\t\t\t<a href=\"\/\">\n\n\t\t\t\t\t\t\t\t\t\t\t<span class=\"elementor-icon-list-text\">Accueil<\/span>\n\t\t\t\t\t\t\t\t\t\t\t<\/a>\n\t\t\t\t\t\t\t\t\t<\/li>\n\t\t\t\t\t\t\t\t<li class=\"elementor-icon-list-item elementor-inline-item\">\n\t\t\t\t\t\t\t\t\t\t\t<span class=\"elementor-icon-list-icon\">\n\t\t\t\t\t\t\t<i aria-hidden=\"true\" class=\"icon icon-arrow-right\"><\/i>\t\t\t\t\t\t<\/span>\n\t\t\t\t\t\t\t\t\t\t<span class=\"elementor-icon-list-text\">FAQ<\/span>\n\t\t\t\t\t\t\t\t\t<\/li>\n\t\t\t\t\t\t<\/ul>\n\t\t\t\t\t\t<\/div>\n\t\t\t\t\t<\/div>\n\t\t\t\t<\/div>\n\t\t<div class=\"elementor-element elementor-element-f11c92a e-flex e-con-boxed e-con e-parent\" data-id=\"f11c92a\" data-element_type=\"container\" data-e-type=\"container\" data-settings=\"{&quot;background_background&quot;:&quot;classic&quot;}\">\n\t\t\t\t\t<div class=\"e-con-inner\">\n\t\t\t\t<div class=\"elementor-element elementor-element-1860806 elementor-widget elementor-widget-heading\" data-id=\"1860806\" data-element_type=\"widget\" data-e-type=\"widget\" data-widget_type=\"heading.default\">\n\t\t\t\t\t<h2 class=\"elementor-heading-title elementor-size-default\">Tout ce que vous devez savoir<\/h2>\t\t\t\t<\/div>\n\t\t\t\t<div class=\"elementor-element elementor-element-fc90a0f elementor-widget elementor-widget-text-editor\" data-id=\"fc90a0f\" data-element_type=\"widget\" data-e-type=\"widget\" data-widget_type=\"text-editor.default\">\n\t\t\t\t\t\t\t\t\t<p>Dans cette section, vous trouverez les r\u00e9ponses aux questions les plus courantes sur notre service de location de voitures. De la r\u00e9servation d&rsquo;un v\u00e9hicule \u00e0 nos politiques de carburant et d&rsquo;assurances, nous avons rassembl\u00e9 toutes les informations n\u00e9cessaires pour que votre exp\u00e9rience soit facile et sans tracas. Si vous ne trouvez pas la r\u00e9ponse que vous cherchez, n&rsquo;h\u00e9sitez pas \u00e0 nous contacter; nous serons heureux de vous aider. Explorez nos questions fr\u00e9quemment pos\u00e9es et voyagez en toute confiance !   <\/p>\t\t\t\t\t\t\t\t<\/div>\n\t\t\t\t<div class=\"elementor-element elementor-element-4070079 elementor-widget elementor-widget-html\" data-id=\"4070079\" data-element_type=\"widget\" data-e-type=\"widget\" data-widget_type=\"html.default\">\n\t\t\t\t\t<script>jQuery(document).ready(function($){\n        setTimeout(function(){\n            console.log(\"hola\")\n            $('.e-n-tabs-heading .e-n-tab-title').attr('aria-selected','false')\n            $('.e-n-tabs-content .elementor-element.e-child').removeClass('e-active')\n        },100)\n        \n    })\n<\/script>\t\t\t\t<\/div>\n\t\t\t\t<div class=\"elementor-element elementor-element-584920b e-n-tabs-mobile elementor-widget elementor-widget-n-tabs\" data-id=\"584920b\" data-element_type=\"widget\" data-e-type=\"widget\" data-widget_type=\"nested-tabs.default\">\n\t\t\t\t\t\t\t<div class=\"e-n-tabs\" data-widget-number=\"92574219\" aria-label=\"Onglets. Ouvrez des \u00e9l\u00e9ments avec Entrer ou Espace, fermez-les avec Echape et naviguez \u00e0 l&#039;aide des touches fl\u00e9ch\u00e9es.\">\n\t\t\t<div class=\"e-n-tabs-heading\" role=\"tablist\">\n\t\t\t\t\t<button id=\"e-n-tab-title-925742191\" data-tab-title-id=\"e-n-tab-title-925742191\" class=\"e-n-tab-title\" aria-selected=\"true\" data-tab-index=\"1\" role=\"tab\" tabindex=\"0\" aria-controls=\"e-n-tab-content-925742191\" style=\"--n-tabs-title-order: 1;\">\n\t\t\t\t\t\t<span class=\"e-n-tab-title-text\">\n\t\t\t\tM\u00e9thodes de paiement et d\u00e9p\u00f4ts\t\t\t<\/span>\n\t\t<\/button>\n\t\t\t\t<button id=\"e-n-tab-title-925742192\" data-tab-title-id=\"e-n-tab-title-925742192\" class=\"e-n-tab-title\" aria-selected=\"false\" data-tab-index=\"2\" role=\"tab\" tabindex=\"-1\" aria-controls=\"e-n-tab-content-925742192\" style=\"--n-tabs-title-order: 2;\">\n\t\t\t\t\t\t<span class=\"e-n-tab-title-text\">\n\t\t\t\tQuels documents ai-je besoin pour r\u00e9cup\u00e9rer ma voiture de location ?\t\t\t<\/span>\n\t\t<\/button>\n\t\t\t\t<button id=\"e-n-tab-title-925742193\" data-tab-title-id=\"e-n-tab-title-925742193\" class=\"e-n-tab-title\" aria-selected=\"false\" data-tab-index=\"3\" role=\"tab\" tabindex=\"-1\" aria-controls=\"e-n-tab-content-925742193\" style=\"--n-tabs-title-order: 3;\">\n\t\t\t\t\t\t<span class=\"e-n-tab-title-text\">\n\t\t\t\tQuelle couverture d'assurance offre le package Infinity ?\t\t\t<\/span>\n\t\t<\/button>\n\t\t\t\t<button id=\"e-n-tab-title-925742194\" data-tab-title-id=\"e-n-tab-title-925742194\" class=\"e-n-tab-title\" aria-selected=\"false\" data-tab-index=\"4\" role=\"tab\" tabindex=\"-1\" aria-controls=\"e-n-tab-content-925742194\" style=\"--n-tabs-title-order: 4;\">\n\t\t\t\t\t\t<span class=\"e-n-tab-title-text\">\n\t\t\t\tQuelle est la dur\u00e9e maximale du contrat de location ?\t\t\t<\/span>\n\t\t<\/button>\n\t\t\t\t<button id=\"e-n-tab-title-925742195\" data-tab-title-id=\"e-n-tab-title-925742195\" class=\"e-n-tab-title\" aria-selected=\"false\" data-tab-index=\"5\" role=\"tab\" tabindex=\"-1\" aria-controls=\"e-n-tab-content-925742195\" style=\"--n-tabs-title-order: 5;\">\n\t\t\t\t\t\t<span class=\"e-n-tab-title-text\">\n\t\t\t\tPuis-je prolonger mon contrat de location ?\t\t\t<\/span>\n\t\t<\/button>\n\t\t\t\t<button id=\"e-n-tab-title-925742196\" data-tab-title-id=\"e-n-tab-title-925742196\" class=\"e-n-tab-title\" aria-selected=\"false\" data-tab-index=\"6\" role=\"tab\" tabindex=\"-1\" aria-controls=\"e-n-tab-content-925742196\" style=\"--n-tabs-title-order: 6;\">\n\t\t\t\t\t\t<span class=\"e-n-tab-title-text\">\n\t\t\t\tPuis-je conduire la voiture en dehors de l'Espagne ?\t\t\t<\/span>\n\t\t<\/button>\n\t\t\t\t<button id=\"e-n-tab-title-925742197\" data-tab-title-id=\"e-n-tab-title-925742197\" class=\"e-n-tab-title\" aria-selected=\"false\" data-tab-index=\"7\" role=\"tab\" tabindex=\"-1\" aria-controls=\"e-n-tab-content-925742197\" style=\"--n-tabs-title-order: 7;\">\n\t\t\t\t\t\t<span class=\"e-n-tab-title-text\">\n\t\t\t\tQuelle est la politique d'annulation des r\u00e9servations pr\u00e9pay\u00e9es ?\t\t\t<\/span>\n\t\t<\/button>\n\t\t\t\t\t<\/div>\n\t\t\t<div class=\"e-n-tabs-content\">\n\t\t\t\t<div id=\"e-n-tab-content-925742191\" role=\"tabpanel\" aria-labelledby=\"e-n-tab-title-925742191\" data-tab-index=\"1\" style=\"--n-tabs-title-order: 1;\" class=\"e-active elementor-element elementor-element-df00e24 e-con-full e-flex e-con e-child\" data-id=\"df00e24\" data-element_type=\"container\" data-e-type=\"container\">\n\t\t\t\t<div class=\"elementor-element elementor-element-ea00052 elementor-widget elementor-widget-text-editor\" data-id=\"ea00052\" data-element_type=\"widget\" data-e-type=\"widget\" data-widget_type=\"text-editor.default\">\n\t\t\t\t\t\t\t\t\t<p>La plupart de nos clients profitent de nos v\u00e9hicules de location sans soucis et sans d\u00e9p\u00f4t, car ils r\u00e9servent notre package <strong>Infinity<\/strong>.<\/p><p>Si vous r\u00e9servez notre tarif de base et choisissez de ne pas souscrire \u00e0 notre couverture totale, vous devrez laisser un d\u00e9p\u00f4t \u00e9gal au montant de la franchise (selon la cat\u00e9gorie du v\u00e9hicule).<\/p><p>Le d\u00e9p\u00f4t doit \u00eatre effectu\u00e9 avec une carte de cr\u00e9dit valide (Visa ou MasterCard) au <strong>nom du<\/strong><br><strong>conducteur principal<\/strong>. Il n&rsquo;est pas possible de faire le d\u00e9p\u00f4t avec une carte de d\u00e9bit ou une carte pr\u00e9pay\u00e9e. Les cartes virtuelles, cartes Wallet, Apple Pay, American Express ou paiements en esp\u00e8ces ne sont pas accept\u00e9s.  <\/p><p>Si vous avez souscrit une assurance avec une compagnie externe, vous devrez laisser un d\u00e9p\u00f4t correspondant au montant de la franchise, car le contrat ou l&rsquo;accord est entre vous et un tiers.<\/p><p>La location de voiture avec une carte de d\u00e9bit est possible si vous r\u00e9servez notre package <strong>Infinity<\/strong>. Avec <strong>Infinity<\/strong>, vous pouvez payer avec une carte de cr\u00e9dit Visa ou MasterCard ou une carte de d\u00e9bit Visa, MasterCard ou Maestro. Vous pouvez \u00e9galement payer avec une carte de d\u00e9bit si vous souscrivez \u00e0 notre <strong>couverture totale<\/strong> (Super Cover).  <\/p>\t\t\t\t\t\t\t\t<\/div>\n\t\t\t\t<\/div>\n\t\t<div id=\"e-n-tab-content-925742192\" role=\"tabpanel\" aria-labelledby=\"e-n-tab-title-925742192\" data-tab-index=\"2\" style=\"--n-tabs-title-order: 2;\" class=\" elementor-element elementor-element-fc54bcf e-con-full e-flex e-con e-child\" data-id=\"fc54bcf\" data-element_type=\"container\" data-e-type=\"container\">\n\t\t\t\t<div class=\"elementor-element elementor-element-674ac86 elementor-widget elementor-widget-text-editor\" data-id=\"674ac86\" data-element_type=\"widget\" data-e-type=\"widget\" data-widget_type=\"text-editor.default\">\n\t\t\t\t\t\t\t\t\t<p>Les <strong>documents <\/strong>suivants sont requis pour r\u00e9cup\u00e9rer le v\u00e9hicule :<\/p><ul><li><strong>Carte d&rsquo;identit\u00e9\/Passeport<\/strong><\/li><li>Permis de conduire valide pour tous les conducteurs d\u00e9sign\u00e9s sur le contrat. Le client devra pr\u00e9senter le permis de conduire international : <ul><li>Lorsque le permis de conduire ne provient pas de l&rsquo;UE ou du Royaume-Uni et qu&rsquo;il ne figure pas sur la liste des accords de la DGT.<\/li><li>Lorsque le permis de conduire est r\u00e9dig\u00e9 dans un alphabet autre que le romain.<\/li><\/ul><\/li><li>Le num\u00e9ro de vol et\/ou la carte d&#8217;embarquement seront fournis au moment de la r\u00e9servation. Si le client ne r\u00e9cup\u00e8re pas le v\u00e9hicule dans les 59 minutes suivant l&rsquo;heure de collecte pr\u00e9vue, la r\u00e9servation PEUT \u00caTRE annul\u00e9e SANS PR\u00c9AVIS. <\/li><\/ul><p><strong>*Le num\u00e9ro de vol et\/ou la carte d&#8217;embarquement seront demand\u00e9s avant la formalisation du contrat. Veuillez noter que pour louer une voiture, vous devez arriver avec un vol le m\u00eame jour et \u00e0 la m\u00eame heure que votre heure de prise en charge et fournir un num\u00e9ro de vol valide dans le formulaire de r\u00e9servation. En cas de doute ou d&rsquo;incoh\u00e9rences, nous v\u00e9rifierons \u00e9galement le vol retour. La carte d&#8217;embarquement sera demand\u00e9e au comptoir. Si le client ne dispose pas de ces informations, nous nous r\u00e9servons le droit de ne pas fournir le v\u00e9hicule.    <\/strong><\/p><p>Tous les documents pr\u00e9sent\u00e9s doivent \u00eatre en format original ou fournis directement via l&rsquo;application num\u00e9rique de l&rsquo;autorit\u00e9 comp\u00e9tente. Les photos, photocopies ou documents similaires ne seront en aucun cas accept\u00e9s. <\/p><p>Si le titulaire du contrat et tous les conducteurs figurant sur le contrat ne fournissent pas la documentation requise ci-dessus, la remise du v\u00e9hicule ne pourra pas \u00eatre effectu\u00e9e.\u00a0\u00bb<\/p>\t\t\t\t\t\t\t\t<\/div>\n\t\t\t\t<\/div>\n\t\t<div id=\"e-n-tab-content-925742193\" role=\"tabpanel\" aria-labelledby=\"e-n-tab-title-925742193\" data-tab-index=\"3\" style=\"--n-tabs-title-order: 3;\" class=\" elementor-element elementor-element-274b480 e-con-full e-flex e-con e-child\" data-id=\"274b480\" data-element_type=\"container\" data-e-type=\"container\">\n\t\t\t\t<div class=\"elementor-element elementor-element-4f93667 elementor-widget elementor-widget-text-editor\" data-id=\"4f93667\" data-element_type=\"widget\" data-e-type=\"widget\" data-widget_type=\"text-editor.default\">\n\t\t\t\t\t\t\t\t\t<p>La couverture <strong>Infinity <\/strong>et\/ou <strong>Super Cover<\/strong> comprend une couverture compl\u00e8te de l&rsquo;ext\u00e9rieur du v\u00e9hicule.<\/p><p>Dans aucun cas, les \u00e9l\u00e9ments suivants ne sont couverts :<\/p><ul><li>Les dommages \u00e0 l&rsquo;int\u00e9rieur du v\u00e9hicule.<\/li><li>Le vol, la perte ou les dommages de la cl\u00e9.<\/li><li>Les dommages sous le v\u00e9hicule et au toit.<\/li><li>Les dommages au moteur et\/ou au compartiment moteur.<\/li><li>Les dommages structurels.<\/li><li>Les dommages caus\u00e9s par la n\u00e9gligence du conducteur (ou dans toute situation qui enfreint les conditions du contrat de location).<\/li><li>Les dommages r\u00e9sultant de la violation des r\u00e8gles de circulation et de s\u00e9curit\u00e9 routi\u00e8re.<\/li><li>Le vol ou l&rsquo;incendie du v\u00e9hicule.<\/li><li>Les dommages caus\u00e9s par des catastrophes naturelles.<\/li><\/ul>\t\t\t\t\t\t\t\t<\/div>\n\t\t\t\t<\/div>\n\t\t<div id=\"e-n-tab-content-925742194\" role=\"tabpanel\" aria-labelledby=\"e-n-tab-title-925742194\" data-tab-index=\"4\" style=\"--n-tabs-title-order: 4;\" class=\" elementor-element elementor-element-4a8c2d8 e-con-full e-flex e-con e-child\" data-id=\"4a8c2d8\" data-element_type=\"container\" data-e-type=\"container\">\n\t\t\t\t<div class=\"elementor-element elementor-element-2eba4f9 elementor-widget elementor-widget-text-editor\" data-id=\"2eba4f9\" data-element_type=\"widget\" data-e-type=\"widget\" data-widget_type=\"text-editor.default\">\n\t\t\t\t\t\t\t\t\t<p>Les locations \u00e0 court terme ne peuvent pas d\u00e9passer 25 jours.<\/p>\t\t\t\t\t\t\t\t<\/div>\n\t\t\t\t<\/div>\n\t\t<div id=\"e-n-tab-content-925742195\" role=\"tabpanel\" aria-labelledby=\"e-n-tab-title-925742195\" data-tab-index=\"5\" style=\"--n-tabs-title-order: 5;\" class=\" elementor-element elementor-element-7a3ad11 e-con-full e-flex e-con e-child\" data-id=\"7a3ad11\" data-element_type=\"container\" data-e-type=\"container\">\n\t\t\t\t<div class=\"elementor-element elementor-element-63a589a elementor-widget elementor-widget-text-editor\" data-id=\"63a589a\" data-element_type=\"widget\" data-e-type=\"widget\" data-widget_type=\"text-editor.default\">\n\t\t\t\t\t\t\t\t\t<p>Les prolongations de contrats sont soumises \u00e0 la disponibilit\u00e9 des v\u00e9hicules. Vous devez vous rendre dans les bureaux de <strong>Moovers <\/strong>pour effectuer cette demande. <\/p>\t\t\t\t\t\t\t\t<\/div>\n\t\t\t\t<\/div>\n\t\t<div id=\"e-n-tab-content-925742196\" role=\"tabpanel\" aria-labelledby=\"e-n-tab-title-925742196\" data-tab-index=\"6\" style=\"--n-tabs-title-order: 6;\" class=\" elementor-element elementor-element-1445e5d e-con-full e-flex e-con e-child\" data-id=\"1445e5d\" data-element_type=\"container\" data-e-type=\"container\">\n\t\t\t\t<div class=\"elementor-element elementor-element-d8ca959 elementor-widget elementor-widget-text-editor\" data-id=\"d8ca959\" data-element_type=\"widget\" data-e-type=\"widget\" data-widget_type=\"text-editor.default\">\n\t\t\t\t\t\t\t\t\t<p><strong>Alicante:<\/strong><\/p><p>Il est interdit de franchir la fronti\u00e8re. Il est uniquement permis de conduire le v\u00e9hicule sur la p\u00e9ninsule. <\/p><p><strong>Palma de Mallorca:<\/strong><\/p><p>Il est interdit de mettre un v\u00e9hicule de location sur un bateau, un ferry ou tout autre moyen de transport. Les voitures lou\u00e9es \u00e0 l&rsquo;a\u00e9roport de Palma de Majorque ne peuvent \u00eatre conduites que sur l&rsquo;\u00eele de Majorque. <\/p>\t\t\t\t\t\t\t\t<\/div>\n\t\t\t\t<\/div>\n\t\t<div id=\"e-n-tab-content-925742197\" role=\"tabpanel\" aria-labelledby=\"e-n-tab-title-925742197\" data-tab-index=\"7\" style=\"--n-tabs-title-order: 7;\" class=\" elementor-element elementor-element-e53f9e6 e-con-full e-flex e-con e-child\" data-id=\"e53f9e6\" data-element_type=\"container\" data-e-type=\"container\">\n\t\t\t\t<div class=\"elementor-element elementor-element-2caf53c elementor-widget elementor-widget-text-editor\" data-id=\"2caf53c\" data-element_type=\"widget\" data-e-type=\"widget\" data-widget_type=\"text-editor.default\">\n\t\t\t\t\t\t\t\t\t<p>Si vous avez r\u00e9serv\u00e9 via notre site Web et souhaitez annuler votre r\u00e9servation, veuillez envoyer un e-mail \u00e0 <a href=\"mailto:info@moovers.es\">info@moovers.es<\/a> avec votre num\u00e9ro de r\u00e9servation et la raison de l&rsquo;annulation.<\/p><p><strong>Politique d&rsquo;annulation :<\/strong><\/p><p>Plus de 24 heures avant la date et l&rsquo;heure de la prise en charge du v\u00e9hicule -&gt; Gratuit<\/p><p>Moins de 24 heures avant la date et l&rsquo;heure de la prise en charge du v\u00e9hicule -&gt; Remboursable uniquement avec le package <strong>Infinity<\/strong>.<\/p>\t\t\t\t\t\t\t\t<\/div>\n\t\t\t\t<\/div>\n\t\t\t\t\t<\/div>\n\t\t<\/div>\n\t\t\t\t\t\t<\/div>\n\t\t\t\t\t<\/div>\n\t\t\t\t<\/div>\n\t\t\t\t<\/div>\n\t\t","protected":false},"excerpt":{"rendered":"<p>Questions fr\u00e9quemment pos\u00e9es Accueil FAQ Tout ce que vous devez savoir Dans cette section, vous trouverez les r\u00e9ponses aux questions les plus courantes sur notre service de location de voitures. De la r\u00e9servation d&rsquo;un v\u00e9hicule \u00e0 nos politiques de carburant et d&rsquo;assurances, nous avons rassembl\u00e9 toutes les informations n\u00e9cessaires pour que votre exp\u00e9rience soit facile [&hellip;]<\/p>\n","protected":false},"author":1,"featured_media":0,"parent":0,"menu_order":0,"comment_status":"closed","ping_status":"closed","template":"","meta":{"footnotes":""},"class_list":["post-1240","page","type-page","status-publish","hentry"],"_links":{"self":[{"href":"https:\/\/www.moovers.es\/fr\/wp-json\/wp\/v2\/pages\/1240","targetHints":{"allow":["GET"]}}],"collection":[{"href":"https:\/\/www.moovers.es\/fr\/wp-json\/wp\/v2\/pages"}],"about":[{"href":"https:\/\/www.moovers.es\/fr\/wp-json\/wp\/v2\/types\/page"}],"author":[{"embeddable":true,"href":"https:\/\/www.moovers.es\/fr\/wp-json\/wp\/v2\/users\/1"}],"replies":[{"embeddable":true,"href":"https:\/\/www.moovers.es\/fr\/wp-json\/wp\/v2\/comments?post=1240"}],"version-history":[{"count":0,"href":"https:\/\/www.moovers.es\/fr\/wp-json\/wp\/v2\/pages\/1240\/revisions"}],"wp:attachment":[{"href":"https:\/\/www.moovers.es\/fr\/wp-json\/wp\/v2\/media?parent=1240"}],"curies":[{"name":"wp","href":"https:\/\/api.w.org\/{rel}","templated":true}]}}