{"id":1984,"date":"2025-01-31T13:46:10","date_gmt":"2025-01-31T12:46:10","guid":{"rendered":"https:\/\/www.moovers.es\/cookies-politik\/"},"modified":"2025-04-28T10:05:16","modified_gmt":"2025-04-28T08:05:16","slug":"cookies-politik","status":"publish","type":"page","link":"https:\/\/www.moovers.es\/de\/cookies-politik\/","title":{"rendered":"Cookies-Politik"},"content":{"rendered":"\t\t<div data-elementor-type=\"wp-page\" data-elementor-id=\"1984\" class=\"elementor elementor-1984 elementor-513\" data-elementor-post-type=\"page\">\n\t\t\t\t<div class=\"elementor-element elementor-element-e2b5dbc e-flex e-con-boxed e-con e-parent\" data-id=\"e2b5dbc\" data-element_type=\"container\" data-e-type=\"container\">\n\t\t\t\t\t<div class=\"e-con-inner\">\n\t\t\t\t<div class=\"elementor-element elementor-element-70f67b0 elementor-widget elementor-widget-text-editor\" data-id=\"70f67b0\" data-element_type=\"widget\" data-e-type=\"widget\" data-widget_type=\"text-editor.default\">\n\t\t\t\t\t\t\t\t\t<h1 class=\"wp-block-post-title\">Cookie-Richtlinie (EU)<\/h1><div id=\"cmplz-document\" class=\"cmplz-document cookie-statement cmplz-document-eu\"><p><i>Diese Cookie-Richtlinie wurde zuletzt am 24\/05\/2024 aktualisiert und gilt f\u00fcr B\u00fcrger und Personen mit st\u00e4ndigem Wohnsitz im Europ\u00e4ischen Wirtschaftsraum und der Schweiz.<\/i><\/p><h2>1. Einleitung<\/h2><p>Unsere Website <a href=\"https:\/\/www.moovers.es\/de\/\">https:\/\/www.moovers.es<\/a> (im Folgenden: \u201edie Website\u201c) verwendet Cookies und andere damit verbundene Technologien (der Einfachheit halber werden alle Technologien als \u201eCookies\u201c bezeichnet). Cookies werden auch von Dritten gesetzt, mit denen wir einen Vertrag abgeschlossen haben. Im folgenden Dokument informieren wir Sie \u00fcber die Verwendung von Cookies auf unserer Website.  <\/p><h2>2. Was sind Cookies?<\/h2><p>Ein Cookie ist eine kleine Datei, die zusammen mit den Seiten dieser Website gesendet und von Ihrem Browser auf der Festplatte Ihres Computers oder einem anderen Ger\u00e4t gespeichert wird. Die gespeicherten Informationen k\u00f6nnen bei einem sp\u00e4teren Besuch an unsere Server oder an entsprechende Server von Dritten zur\u00fcckgesendet werden. <\/p><h2>3. Was sind Skripte?<\/h2><p>Ein Skript ist ein St\u00fcck Programmcode, der dazu dient, dass unsere Website korrekt und interaktiv funktioniert. Dieser Code l\u00e4uft auf unserem Server oder auf Ihrem Ger\u00e4t. <\/p><h2>4. Was ist ein Web-Beacon?<\/h2><p>Ein Web-Beacon (oder Pixel-Tag) ist ein kleines, unsichtbares St\u00fcck Text oder Bild auf einer Website, das dazu dient, den Verkehr auf einer Website zu \u00fcberwachen. Zu diesem Zweck werden verschiedene Daten \u00fcber Sie von diesen Web Beacons gespeichert. <\/p><h2>5. Cookies<\/h2><p class=\"cmplz-subtitle\"><strong>5.1 Technische oder funktionale Cookies<\/strong><\/p><p>Einige Cookies sorgen daf\u00fcr, dass bestimmte Teile der Website ordnungsgem\u00e4\u00df funktionieren und dass Ihre Benutzereinstellungen gespeichert werden. Indem wir funktionale Cookies setzen, erleichtern wir Ihnen den Besuch unserer Website. So m\u00fcssen Sie beim Besuch unserer Website nicht immer wieder dieselben Informationen eingeben und die Artikel bleiben beispielsweise in Ihrem Warenkorb, bis Sie bezahlt haben. Wir k\u00f6nnen diese Cookies ohne Ihre Zustimmung setzen.   <\/p><p class=\"cmplz-subtitle\"><strong>5.2 Statistische Cookies<\/strong><\/p><p>Wir verwenden statistische Cookies, um die Nutzung der Website f\u00fcr unsere Nutzer zu optimieren. Mit diesen statistischen Cookies erhalten wir Informationen \u00fcber die Nutzung unserer Website. Wir bitten Sie um Ihre Erlaubnis, statistische Cookies zu setzen.  <\/p><p class=\"cmplz-subtitle\"><strong>5.3 Marketing-\/Tracking-Cookies<\/strong><\/p><p>Marketing-\/Tracking-Cookies sind Cookies oder andere Formen der lokalen Speicherung, die zur Erstellung von Benutzerprofilen f\u00fcr die Anzeige von Werbung oder zur Verfolgung des Benutzers auf dieser Website oder auf verschiedenen Websites f\u00fcr \u00e4hnliche Marketingzwecke verwendet werden.<\/p><p class=\"cmplz-subtitle\"><strong>5.4 Soziale Netzwerke<\/strong><\/p><p>Auf unserer Website haben wir Inhalte von Facebook, LinkedIn, Instagram und TikTok eingebettet, um Webseiten zu bewerben (z. B. \u201eGef\u00e4llt mir\u201c, \u201aPin\u2018) oder zu teilen (z. B. \u201eTweet\u201c) in sozialen Netzwerken wie Facebook, LinkedIn, Instagram und TikTok. Dieser Inhalt ist mit einem von Facebook, LinkedIn, Instagram und TikTok abgeleiteten Code eingebettet und speichert Cookies. Diese Inhalte k\u00f6nnen bestimmte Informationen f\u00fcr personalisierte Werbung verarbeiten.  <\/p><p>Bitte lesen Sie die Datenschutzbestimmungen dieser sozialen Netzwerke (die sich h\u00e4ufig \u00e4ndern k\u00f6nnen), um herauszufinden, was sie mit Ihren (personenbezogenen) Daten machen, die sie mit Hilfe dieser Cookies verarbeiten. Die Daten, die sie erhalten, werden so weit wie m\u00f6glich anonymisiert. Facebook, LinkedIn, Instagram und TikTok haben ihren Sitz in den Vereinigten Staaten.  <\/p><h2>6. Verwendete Cookies<\/h2><table><tbody><tr><th colspan=\"3\">Marketing\/Monitoring<\/th><\/tr><tr><th>Name<\/th><th>Caducity<\/th><th>Function<\/th><\/tr><tr><td>_fbc<\/td><td>2 Jahre<\/td><td>Speicherung des letzten Besuchs<br><\/td><\/tr><tr><td>fbm*<\/td><td>1 Jahr<\/td><td>Kontodaten speichern<\/td><\/tr><tr><td>xs<\/td><td>3 Monate<\/td><td>Speichert eine eindeutige Sitzungs-ID<\/td><\/tr><tr><td>fr<\/td><td>3 Monate<\/td><td>Aktivierung von Adserving oder Retargeting<\/td><\/tr><tr><td>act<\/td><td>90 Tage<\/td><td>Benutzer angemeldet lassen<\/td><\/tr><tr><td>fbp<\/td><td>3 Monate<\/td><td>Speichern und Verfolgen von Besuchen \u00fcber mehrere Websites hinweg<\/td><\/tr><tr><td>datr<\/td><td>2 Jahre<\/td><td>Betrugspr\u00e4vention<\/td><\/tr><tr><td>c_user<\/td><td>30 Tage<\/td><td>Speichert eine eindeutige Benutzer-ID<\/td><\/tr><tr><td>sb<\/td><td>2 Jahre<\/td><td>Browserdetails speichern<\/td><\/tr><tr><td>*_fbm_<\/td><td>1 Jahr<\/td><td>Kontodaten speichern<\/td><\/tr><tr><td>lms_ads<\/td><td>30 Tage<\/td><td>Speichern und Verfolgen von Besuchen \u00fcber mehrere Websites hinweg<\/td><\/tr><tr><td>_guid<\/td><td>90 Tage<\/td><td>Speicherung und Nachverfolgung der Identit\u00e4t eines Besuchers<\/td><\/tr><tr><td>li_oatml<\/td><td>1 month<\/td><td>Anzeigenschaltung oder Retargeting aktivieren<\/td><\/tr><tr><td>li_sugr<\/td><td>90 Tage<\/td><td>Speicherung und R\u00fcckverfolgung der Identit\u00e4t eines Besuchers<\/td><\/tr><tr><td>UserMatchHistory<\/td><td>30 Tage<\/td><td>Anzeigenschaltung oder Retargeting aktivieren<\/td><\/tr><tr><td>s_v_web_id<\/td> <td>session <\/td><td>Speichern, ob der Nutzer eingebettete Inhalte angesehen hat<\/td><\/tr><tr><td>MONITOR_WEB_ID<\/td><td>3 Monate<\/td><td>Speichern, ob der Benutzer eingebettete Inhalte angesehen hat<\/td><\/tr><tr><td>tt_webid<\/td><td>1 Jahr<\/td><td>Speichern, ob der Benutzer eingebettete Inhalte angesehen hat<\/td><\/tr><tr><td>tt_webid_v2<\/td><td>1 Jahr<\/td><td>Speichern, ob der Benutzer eingebettete Inhalte angesehen hat<\/td><\/tr><tr><td>ttwid<\/td><td>1 Jahr<\/td><td>Speichern, ob der Benutzer eingebettete Inhalte angesehen hat<\/td><\/tr><tr><td>webapp_launch_mode<\/td> <td>session <\/td><td>Speichern, ob der Benutzer eingebettete Inhalte angesehen hat<\/td><\/tr><tr><td>webapp_session_id<\/td><td> session <\/td><td>Speichert eine eindeutige Sitzungs-ID<\/td><\/tr><tr><td>webapp-session-referer<\/td><td> session <\/td><td>Speichern der verweisenden Website<\/td><\/tr><tr><td>webapp_tiktok_privius<\/td><td> session <\/td><td>Speichern, ob der Benutzer eingebettete Inhalte angesehen hat<\/td><\/tr><tr><td>webapp_extra_data <\/td><td>session <\/td><td>Bereitstellung von Funktionen zwischen Seiten<\/td><\/tr><tr><td>webapp_original_traffic_type <\/td><td>session <\/td><td>Speichern, ob der Benutzer eingebettete Inhalte angesehen hat<\/td><\/tr><tr><td>guide-login-config <\/td><td>persistent <\/td><td>Speichern einer eindeutigen Benutzer-ID<\/td><\/tr><tr><td>_tea_cache_tokens_*<\/td><td>persistent<\/td><td>Almacena una ID de sesi\u00f3n \u00fanica<\/td><\/tr><tr><th colspan=\"3\">Funktionell<\/th><\/tr><tr><th>Name<\/th><th>Caducity<\/th><th>Function<\/th><\/tr><tr><td>wd <\/td><td>1 Woche <\/td><td>Bildschirmaufl\u00f6sung bestimmen<\/td><\/tr><tr><td>csm<\/td><td>90 Tage<\/td> <td>Betrugspr\u00e4vention vorsehen<\/td><\/tr><tr><td>actppresence<\/td><td>Sitzung<\/td><td>Speichern und verfolgen, ob die Browser-Registerkarte aktiv ist<\/td><\/tr><tr><td>sdsc<\/td><td>Sitzung<\/td><td>Lastausgleichsfunktionalit\u00e4t<\/td><\/tr><tr><td>li_gc<\/td><td>6 Monate<\/td><td>Cookie-Einstellungen speichern<\/td><\/tr><tr><td>BizographicsOptOut<\/td><td>10 Jahre<\/td><td>Datenschutzeinstellungen speichern<\/td><\/tr><tr><td>csrf_session_id <\/td><td>session <\/td><td>Schutz vor Hackern<\/td><\/tr><tr><td>tt_csrf_token <\/td><td>session <\/td><td>Schutz vor Hackern<\/td><\/tr><tr><td>_abck<\/td><td>1 Jahr<\/td><td>Schutz vor Hackern<\/td><\/tr><tr><td>__tea_cache_first_* <\/td><td>persistent <\/td><td>Lastausgleichsfunktionalit\u00e4t<\/td><\/tr><tr><td>webapp-newuser <\/td><td>persistent <\/td><td>Erster Besuch auf der Website speichern<\/td><\/tr><tr><td>autoplay-config <\/td><td>persistent <\/td><td>Konfiguration speichern<\/td><\/tr><tr><td>webapp-video-mute <\/td><td>persistent <\/td><td>Konfiguration speichern<\/td><\/tr><tr><th colspan=\"3\">Statistik<\/th><\/tr><tr><th>Name<\/th><th>Caducity<\/th><th>Function<\/th><\/tr><tr><td>lms_analytics<\/td><td>30 Tage<\/td><td>Speicherung und Verfolgung der Identit\u00e4t eines Besuchers<\/td><\/tr><tr><td>AnalyticsSyncHistory<\/td><td>30 Tage<\/td><td>Speichern und Verfolgen von Besuchen \u00fcber mehrere Websites hinweg<\/td><\/tr><tr><th colspan=\"3\">Pr\u00e4ferenzen<\/th><\/tr><tr><th>Name<\/th><th>Caducity<\/th><th>Function<\/th><\/tr><tr><td>li_alerts<\/td><td> 1 Jahr<\/td><td> Speichern, wenn eine Meldung angezeigt wurde<\/td><\/tr><tr><td>bcookie <\/td><td>1 Jahr <\/td><td>Browserdetails speichern<\/td><\/tr><tr><td>lidc<\/td><td>1 Tag <\/td><td>Lastausgleichsfunktionalit\u00e4t geladen<\/td><\/tr><tr><td>bscookie<\/td><td>1 Jahr<\/td><td>Angemeldete Benutzer beibehalten<\/td><\/tr><\/tbody><\/table><h2>7. Zustimmung<\/h2><p>Wenn Sie unsere Website zum ersten Mal besuchen, wird Ihnen ein Pop-up-Fenster mit einer Erkl\u00e4rung zu Cookies angezeigt. Sobald Sie auf \u201eEinstellungen speichern\u201c klicken, erkl\u00e4ren Sie sich damit einverstanden, dass wir die Kategorien von Cookies und Plugins, die Sie im Pop-up-Fenster ausgew\u00e4hlt haben, wie in dieser Cookie-Richtlinie beschrieben verwenden. Sie k\u00f6nnen die Verwendung von Cookies \u00fcber Ihren Browser deaktivieren, aber beachten Sie bitte, dass unsere Website dann m\u00f6glicherweise nicht mehr richtig funktioniert.  <\/p><h2>8. Aktivieren\/Deaktivieren und L\u00f6schen von Cookies<\/h2><p>Sie k\u00f6nnen Ihren Internet-Browser verwenden, um Cookies automatisch oder manuell zu l\u00f6schen. Sie k\u00f6nnen auch festlegen, dass bestimmte Cookies nicht gesetzt werden k\u00f6nnen. Alternativ k\u00f6nnen Sie Ihren Internet-Browser so einstellen, dass Sie jedes Mal, wenn ein Cookie gesetzt wird, eine Meldung erhalten. Weitere Informationen zu diesen Optionen finden Sie in den Anweisungen im Hilfebereich Ihres Browsers.   <\/p><p>Bitte beachten Sie, dass unsere Website m\u00f6glicherweise nicht richtig funktioniert, wenn alle Cookies deaktiviert sind. Wenn Sie Cookies aus Ihrem Browser l\u00f6schen, werden sie nach Ihrer Zustimmung erneut gesetzt, wenn Sie unsere Websites erneut besuchen. <\/p><h2>9. Ihre Rechte in Bezug auf personenbezogene Daten<\/h2><p>Sie haben die folgenden Rechte in Bezug auf Ihre personenbezogenen Daten:<\/p><ul><li>Sie haben das Recht zu erfahren, wozu Ihre personenbezogenen Daten ben\u00f6tigt werden, was mit ihnen geschieht und wie lange sie aufbewahrt werden.<\/li><li>Auskunftsrecht: Sie haben das Recht, die \u00fcber Sie gespeicherten personenbezogenen Daten einzusehen.<\/li><li>Recht auf Berichtigung: Sie haben jederzeit das Recht auf Erg\u00e4nzung, Berichtigung, L\u00f6schung oder Sperrung Ihrer personenbezogenen Daten.<\/li><li>Wenn Sie uns Ihre Einwilligung zur Verarbeitung Ihrer Daten gegeben haben, haben Sie das Recht, diese Einwilligung zu widerrufen und Ihre personenbezogenen Daten l\u00f6schen zu lassen.<\/li><li>Recht auf Daten\u00fcbertragbarkeit: Sie haben das Recht, alle Ihre personenbezogenen Daten von dem f\u00fcr die Verarbeitung Verantwortlichen anzufordern und sie in vollem Umfang an einen anderen f\u00fcr die Verarbeitung Verantwortlichen zu \u00fcbermitteln.<\/li><li>Recht auf Widerspruch: Sie k\u00f6nnen der Verarbeitung Ihrer Daten widersprechen. Dem kommen wir nach, es sei denn, es liegen berechtigte Gr\u00fcnde f\u00fcr die Verarbeitung vor. <\/li><\/ul><p>Um diese Rechte auszu\u00fcben, wenden Sie sich bitte an uns. Bitte beachten Sie die Kontaktdaten am Ende dieser Cookie-Richtlinie. Wenn Sie Beschwerden dar\u00fcber haben, wie wir mit Ihren Daten umgehen, w\u00fcrden wir uns freuen, von Ihnen zu h\u00f6ren. Sie haben aber auch das Recht, eine Beschwerde bei der Aufsichtsbeh\u00f6rde (der Datenschutzbeh\u00f6rde) einzureichen.  <\/p><h2>10. Kontaktangaben<\/h2><p>Wenn Sie Fragen und\/oder Anmerkungen zu unserer Cookie-Richtlinie und dieser Erkl\u00e4rung haben, wenden Sie sich bitte an die nachstehenden Kontaktangaben:<\/p><p><span class=\"cmplz-contact-organisation\">UNIONE MOTION S L<\/span><br><span class=\"cmplz-contact-address\">Talavera de la Reina, 45600, Toledo, ES<\/span><br><span class=\"cmplz-contact-country\">Espa\u00f1a<\/span><br>Web: <span class=\"cmplz-contact-domain\"><a href=\"https:\/\/www.moovers.es\/de\/\">https:\/\/www.moovers.es<\/a><\/span><br>Email: <span class=\"cmplz-contact-email\">info@moovers.mobi<\/span><br><span class=\"cmplz-contact-telephone\">Telefonnummer: +34 648 978 019<\/span><\/p><\/div>\t\t\t\t\t\t\t\t<\/div>\n\t\t\t\t\t<\/div>\n\t\t\t\t<\/div>\n\t\t\t\t<\/div>\n\t\t","protected":false},"excerpt":{"rendered":"<p>Cookie-Richtlinie (EU) Diese Cookie-Richtlinie wurde zuletzt am 24\/05\/2024 aktualisiert und gilt f\u00fcr B\u00fcrger und Personen mit st\u00e4ndigem Wohnsitz im Europ\u00e4ischen Wirtschaftsraum und der Schweiz. 1. Einleitung Unsere Website https:\/\/www.moovers.es (im Folgenden: \u201edie Website\u201c) verwendet Cookies und andere damit verbundene Technologien (der Einfachheit halber werden alle Technologien als \u201eCookies\u201c bezeichnet). Cookies werden auch von Dritten gesetzt, [&hellip;]<\/p>\n","protected":false},"author":1,"featured_media":0,"parent":0,"menu_order":0,"comment_status":"closed","ping_status":"closed","template":"","meta":{"footnotes":""},"class_list":["post-1984","page","type-page","status-publish","hentry"],"_links":{"self":[{"href":"https:\/\/www.moovers.es\/de\/wp-json\/wp\/v2\/pages\/1984","targetHints":{"allow":["GET"]}}],"collection":[{"href":"https:\/\/www.moovers.es\/de\/wp-json\/wp\/v2\/pages"}],"about":[{"href":"https:\/\/www.moovers.es\/de\/wp-json\/wp\/v2\/types\/page"}],"author":[{"embeddable":true,"href":"https:\/\/www.moovers.es\/de\/wp-json\/wp\/v2\/users\/1"}],"replies":[{"embeddable":true,"href":"https:\/\/www.moovers.es\/de\/wp-json\/wp\/v2\/comments?post=1984"}],"version-history":[{"count":0,"href":"https:\/\/www.moovers.es\/de\/wp-json\/wp\/v2\/pages\/1984\/revisions"}],"wp:attachment":[{"href":"https:\/\/www.moovers.es\/de\/wp-json\/wp\/v2\/media?parent=1984"}],"curies":[{"name":"wp","href":"https:\/\/api.w.org\/{rel}","templated":true}]}}