{"id":1979,"date":"2024-12-16T12:31:29","date_gmt":"2024-12-16T11:31:29","guid":{"rendered":"https:\/\/www.moovers.es\/haufig-gestellte-fragen\/"},"modified":"2025-04-28T09:37:12","modified_gmt":"2025-04-28T07:37:12","slug":"haufig-gestellte-fragen","status":"publish","type":"page","link":"https:\/\/www.moovers.es\/de\/haufig-gestellte-fragen\/","title":{"rendered":"H\u00e4ufig gestellte Fragen"},"content":{"rendered":"\t\t<div data-elementor-type=\"wp-page\" data-elementor-id=\"1979\" class=\"elementor elementor-1979 elementor-16\" data-elementor-post-type=\"page\">\n\t\t\t\t<div class=\"elementor-element elementor-element-873794a e-flex e-con-boxed e-con e-parent\" data-id=\"873794a\" data-element_type=\"container\" data-e-type=\"container\" data-settings=\"{&quot;background_background&quot;:&quot;classic&quot;}\">\n\t\t\t\t\t<div class=\"e-con-inner\">\n\t\t\t\t<div class=\"elementor-element elementor-element-dae4ba6 elementor-widget__width-inherit elementor-invisible elementor-widget elementor-widget-heading\" data-id=\"dae4ba6\" data-element_type=\"widget\" data-e-type=\"widget\" data-settings=\"{&quot;_animation&quot;:&quot;fadeIn&quot;}\" data-widget_type=\"heading.default\">\n\t\t\t\t\t<h1 class=\"elementor-heading-title elementor-size-default\">H\u00e4ufig gestellte Fragen<\/h1>\t\t\t\t<\/div>\n\t\t\t\t<div class=\"elementor-element elementor-element-8239b9b elementor-icon-list--layout-inline elementor-align-center elementor-list-item-link-full_width elementor-invisible elementor-widget elementor-widget-icon-list\" data-id=\"8239b9b\" data-element_type=\"widget\" data-e-type=\"widget\" data-settings=\"{&quot;_animation&quot;:&quot;fadeIn&quot;,&quot;_animation_delay&quot;:200}\" data-widget_type=\"icon-list.default\">\n\t\t\t\t\t\t\t<ul class=\"elementor-icon-list-items elementor-inline-items\">\n\t\t\t\t\t\t\t<li class=\"elementor-icon-list-item elementor-inline-item\">\n\t\t\t\t\t\t\t\t\t\t\t<a href=\"\/\">\n\n\t\t\t\t\t\t\t\t\t\t\t<span class=\"elementor-icon-list-text\">Startseite<\/span>\n\t\t\t\t\t\t\t\t\t\t\t<\/a>\n\t\t\t\t\t\t\t\t\t<\/li>\n\t\t\t\t\t\t\t\t<li class=\"elementor-icon-list-item elementor-inline-item\">\n\t\t\t\t\t\t\t\t\t\t\t<span class=\"elementor-icon-list-icon\">\n\t\t\t\t\t\t\t<i aria-hidden=\"true\" class=\"icon icon-arrow-right\"><\/i>\t\t\t\t\t\t<\/span>\n\t\t\t\t\t\t\t\t\t\t<span class=\"elementor-icon-list-text\">FAQ<\/span>\n\t\t\t\t\t\t\t\t\t<\/li>\n\t\t\t\t\t\t<\/ul>\n\t\t\t\t\t\t<\/div>\n\t\t\t\t\t<\/div>\n\t\t\t\t<\/div>\n\t\t<div class=\"elementor-element elementor-element-f11c92a e-flex e-con-boxed e-con e-parent\" data-id=\"f11c92a\" data-element_type=\"container\" data-e-type=\"container\" data-settings=\"{&quot;background_background&quot;:&quot;classic&quot;}\">\n\t\t\t\t\t<div class=\"e-con-inner\">\n\t\t\t\t<div class=\"elementor-element elementor-element-1860806 elementor-widget elementor-widget-heading\" data-id=\"1860806\" data-element_type=\"widget\" data-e-type=\"widget\" data-widget_type=\"heading.default\">\n\t\t\t\t\t<h2 class=\"elementor-heading-title elementor-size-default\">Alles, was Sie wissen m\u00fcssen<\/h2>\t\t\t\t<\/div>\n\t\t\t\t<div class=\"elementor-element elementor-element-fc90a0f elementor-widget elementor-widget-text-editor\" data-id=\"fc90a0f\" data-element_type=\"widget\" data-e-type=\"widget\" data-widget_type=\"text-editor.default\">\n\t\t\t\t\t\t\t\t\t<p>In diesem Abschnitt finden Sie Antworten auf die h\u00e4ufigsten Fragen zu unserem Mietwagenservice. Von der Buchung eines Fahrzeugs bis hin zu unseren Kraftstoff- und Versicherungsrichtlinien haben wir alle Informationen zusammengestellt, die Sie ben\u00f6tigen, um Ihre Erfahrung einfach und problemlos zu gestalten. Wenn Sie die gesuchte Antwort nicht finden k\u00f6nnen, z\u00f6gern Sie nicht, uns zu kontaktieren. Wir helfen Ihnen gerne weiter &#8211; st\u00f6bern Sie in unseren FAQs und reisen Sie mit Vertrauen!   <\/p>\t\t\t\t\t\t\t\t<\/div>\n\t\t\t\t<div class=\"elementor-element elementor-element-4070079 elementor-widget elementor-widget-html\" data-id=\"4070079\" data-element_type=\"widget\" data-e-type=\"widget\" data-widget_type=\"html.default\">\n\t\t\t\t\t<script>jQuery(document).ready(function($){\n        setTimeout(function(){\n            console.log(\"hola\")\n            $('.e-n-tabs-heading .e-n-tab-title').attr('aria-selected','false')\n            $('.e-n-tabs-content .elementor-element.e-child').removeClass('e-active')\n        },100)\n        \n    })\n<\/script>\t\t\t\t<\/div>\n\t\t\t\t<div class=\"elementor-element elementor-element-584920b e-n-tabs-mobile elementor-widget elementor-widget-n-tabs\" data-id=\"584920b\" data-element_type=\"widget\" data-e-type=\"widget\" data-widget_type=\"nested-tabs.default\">\n\t\t\t\t\t\t\t<div class=\"e-n-tabs\" data-widget-number=\"92574219\" aria-label=\"Tabs. Open items with Enter or Space, close with Escape and navigate using the Arrow keys.\">\n\t\t\t<div class=\"e-n-tabs-heading\" role=\"tablist\">\n\t\t\t\t\t<button id=\"e-n-tab-title-925742191\" data-tab-title-id=\"e-n-tab-title-925742191\" class=\"e-n-tab-title\" aria-selected=\"true\" data-tab-index=\"1\" role=\"tab\" tabindex=\"0\" aria-controls=\"e-n-tab-content-925742191\" style=\"--n-tabs-title-order: 1;\">\n\t\t\t\t\t\t<span class=\"e-n-tab-title-text\">\n\t\t\t\tZahlungsm\u00f6glichkeiten und Einlagen\t\t\t<\/span>\n\t\t<\/button>\n\t\t\t\t<button id=\"e-n-tab-title-925742192\" data-tab-title-id=\"e-n-tab-title-925742192\" class=\"e-n-tab-title\" aria-selected=\"false\" data-tab-index=\"2\" role=\"tab\" tabindex=\"-1\" aria-controls=\"e-n-tab-content-925742192\" style=\"--n-tabs-title-order: 2;\">\n\t\t\t\t\t\t<span class=\"e-n-tab-title-text\">\n\t\t\t\tWelche Dokumente ben\u00f6tige ich f\u00fcr die Abholung meines Mietwagens?\t\t\t<\/span>\n\t\t<\/button>\n\t\t\t\t<button id=\"e-n-tab-title-925742193\" data-tab-title-id=\"e-n-tab-title-925742193\" class=\"e-n-tab-title\" aria-selected=\"false\" data-tab-index=\"3\" role=\"tab\" tabindex=\"-1\" aria-controls=\"e-n-tab-content-925742193\" style=\"--n-tabs-title-order: 3;\">\n\t\t\t\t\t\t<span class=\"e-n-tab-title-text\">\n\t\t\t\tWelchen Versicherungsschutz bietet das Infinity-Paket?\t\t\t<\/span>\n\t\t<\/button>\n\t\t\t\t<button id=\"e-n-tab-title-925742194\" data-tab-title-id=\"e-n-tab-title-925742194\" class=\"e-n-tab-title\" aria-selected=\"false\" data-tab-index=\"4\" role=\"tab\" tabindex=\"-1\" aria-controls=\"e-n-tab-content-925742194\" style=\"--n-tabs-title-order: 4;\">\n\t\t\t\t\t\t<span class=\"e-n-tab-title-text\">\n\t\t\t\tWie lange ist die maximale Laufzeit des Mietvertrags?\t\t\t<\/span>\n\t\t<\/button>\n\t\t\t\t<button id=\"e-n-tab-title-925742195\" data-tab-title-id=\"e-n-tab-title-925742195\" class=\"e-n-tab-title\" aria-selected=\"false\" data-tab-index=\"5\" role=\"tab\" tabindex=\"-1\" aria-controls=\"e-n-tab-content-925742195\" style=\"--n-tabs-title-order: 5;\">\n\t\t\t\t\t\t<span class=\"e-n-tab-title-text\">\n\t\t\t\tKann ich meinen Mietvertrag verl\u00e4ngern?\t\t\t<\/span>\n\t\t<\/button>\n\t\t\t\t<button id=\"e-n-tab-title-925742196\" data-tab-title-id=\"e-n-tab-title-925742196\" class=\"e-n-tab-title\" aria-selected=\"false\" data-tab-index=\"6\" role=\"tab\" tabindex=\"-1\" aria-controls=\"e-n-tab-content-925742196\" style=\"--n-tabs-title-order: 6;\">\n\t\t\t\t\t\t<span class=\"e-n-tab-title-text\">\n\t\t\t\tKann ich das Auto au\u00dferhalb Spaniens fahren?\t\t\t<\/span>\n\t\t<\/button>\n\t\t\t\t<button id=\"e-n-tab-title-925742197\" data-tab-title-id=\"e-n-tab-title-925742197\" class=\"e-n-tab-title\" aria-selected=\"false\" data-tab-index=\"7\" role=\"tab\" tabindex=\"-1\" aria-controls=\"e-n-tab-content-925742197\" style=\"--n-tabs-title-order: 7;\">\n\t\t\t\t\t\t<span class=\"e-n-tab-title-text\">\n\t\t\t\tWie lauten die Stornierungsbedingungen f\u00fcr im Voraus bezahlte Buchungen?\t\t\t<\/span>\n\t\t<\/button>\n\t\t\t\t\t<\/div>\n\t\t\t<div class=\"e-n-tabs-content\">\n\t\t\t\t<div id=\"e-n-tab-content-925742191\" role=\"tabpanel\" aria-labelledby=\"e-n-tab-title-925742191\" data-tab-index=\"1\" style=\"--n-tabs-title-order: 1;\" class=\"e-active elementor-element elementor-element-df00e24 e-con-full e-flex e-con e-child\" data-id=\"df00e24\" data-element_type=\"container\" data-e-type=\"container\">\n\t\t\t\t<div class=\"elementor-element elementor-element-ea00052 elementor-widget elementor-widget-text-editor\" data-id=\"ea00052\" data-element_type=\"widget\" data-e-type=\"widget\" data-widget_type=\"text-editor.default\">\n\t\t\t\t\t\t\t\t\t<p>Die meisten unserer Kunden genie\u00dfen unsere sorgenfreie und kautionsfreie Autovermietung, weil sie unser <strong>Infinity<\/strong>-Paket buchen.<\/p><p>Wenn Sie unseren Basistarif buchen und sich gegen eine Vollkaskoversicherung entscheiden, m\u00fcssen Sie eine Kaution in H\u00f6he der Selbstbeteiligung (je nach Fahrzeugkategorie) hinterlegen.<\/p><p>Die Kaution ist mit einer g\u00fcltigen Kreditkarte (Visa oder MasterCard) auf <strong>den Namen des Kunden<\/strong> zu hinterlegen.<br><strong>Haupttreiber<\/strong>. Es ist unter keinen Umst\u00e4nden m\u00f6glich, die Einzahlung mit einer Debitkarte oder einer Prepaid-Karte vorzunehmen. Virtuelle Karten, Wallet-Karten, Apple Pay, American Express und Barzahlungen werden nicht akzeptiert.  <\/p><p>Wenn Sie eine Versicherung bei einer externen Gesellschaft abgeschlossen haben, m\u00fcssen Sie eine Kaution in H\u00f6he der Selbstbeteiligung hinterlegen, da der Vertrag oder die Vereinbarung zwischen Ihnen und einem Dritten besteht.<\/p><p>Autovermietung mit Debitkarte ist m\u00f6glich, wenn Sie unser <strong>Infinity<\/strong>-Paket buchen. Mit <strong>Infinity <\/strong>k\u00f6nnen Sie mit einer Visa- oder MasterCard-Kreditkarte oder einer Visa-, MasterCard- oder Maestro-Debitkarte bezahlen. Sie k\u00f6nnen auch mit einer Debitkarte bezahlen, wenn Sie unser <strong>Super Cover<\/strong> buchen.  <\/p>\t\t\t\t\t\t\t\t<\/div>\n\t\t\t\t<\/div>\n\t\t<div id=\"e-n-tab-content-925742192\" role=\"tabpanel\" aria-labelledby=\"e-n-tab-title-925742192\" data-tab-index=\"2\" style=\"--n-tabs-title-order: 2;\" class=\" elementor-element elementor-element-fc54bcf e-con-full e-flex e-con e-child\" data-id=\"fc54bcf\" data-element_type=\"container\" data-e-type=\"container\">\n\t\t\t\t<div class=\"elementor-element elementor-element-674ac86 elementor-widget elementor-widget-text-editor\" data-id=\"674ac86\" data-element_type=\"widget\" data-e-type=\"widget\" data-widget_type=\"text-editor.default\">\n\t\t\t\t\t\t\t\t\t<p>F\u00fcr die Abholung des Fahrzeugs sind die folgenden <strong>Dokumente <\/strong>erforderlich:<\/p><ul><li><strong>DNI\/Reisepass<\/strong><\/li><li>G\u00fcltiger F\u00fchrerschein f\u00fcr alle im Vertrag genannten Fahrer. Der Kunde muss den internationalen F\u00fchrerschein vorlegen: <ul><li>Wenn Ihr F\u00fchrerschein nicht aus der EU oder dem Vereinigten K\u00f6nigreich stammt und nicht in der Liste der DGT-Konventionen aufgef\u00fchrt ist.<\/li><li>Wenn Ihr F\u00fchrerschein in einem anderen als dem lateinischen Alphabet geschrieben ist.<\/li><\/ul><\/li><li>Die Flugnummer und\/oder die Bordkarte werden zum Zeitpunkt der Buchung mitgeteilt. Wenn der Kunde das Fahrzeug nicht innerhalb von 59 Minuten nach der vereinbarten Abholzeit abgeholt hat, KANN die Buchung OHNE VORANK\u00dcNDIGUNG storniert werden. <\/li><\/ul><p><strong>*Die Flugnummer und\/oder Bordkarte wird vor Vertragsabschluss angefordert. Bitte beachten Sie, dass Sie mit einem Flug am selben Tag und zur selben Uhrzeit wie am Tag der Abholung ankommen m\u00fcssen und dass Sie eine g\u00fcltige Flugnummer auf dem Buchungsformular angeben m\u00fcssen. Im Falle von Zweifeln oder Unstimmigkeiten werden wir auch den R\u00fcckflug \u00fcberpr\u00fcfen. Die Bordkarte wird am Schalter angefordert. Wenn der Kunde nicht \u00fcber diese Informationen verf\u00fcgt, behalten wir uns das Recht vor, das Fahrzeug nicht bereitzustellen.    <\/strong><\/p><p>Alle eingereichten Unterlagen m\u00fcssen im Originalformat vorliegen oder direkt aus der digitalen Anwendung der jeweiligen Einrichtung stammen. Fotografien, Fotokopien oder \u00c4hnliches werden unter keinen Umst\u00e4nden akzeptiert. <\/p><p>Wenn der Vertragsinhaber und alle im Vertrag aufgef\u00fchrten Fahrer die oben beschriebenen Unterlagen nicht vorlegen, ist eine Auslieferung des Fahrzeugs nicht m\u00f6glich.<\/p>\t\t\t\t\t\t\t\t<\/div>\n\t\t\t\t<\/div>\n\t\t<div id=\"e-n-tab-content-925742193\" role=\"tabpanel\" aria-labelledby=\"e-n-tab-title-925742193\" data-tab-index=\"3\" style=\"--n-tabs-title-order: 3;\" class=\" elementor-element elementor-element-274b480 e-con-full e-flex e-con e-child\" data-id=\"274b480\" data-element_type=\"container\" data-e-type=\"container\">\n\t\t\t\t<div class=\"elementor-element elementor-element-4f93667 elementor-widget elementor-widget-text-editor\" data-id=\"4f93667\" data-element_type=\"widget\" data-e-type=\"widget\" data-widget_type=\"text-editor.default\">\n\t\t\t\t\t\t\t\t\t<p><strong>Infinity <\/strong>und\/oder <strong>Super Cover<\/strong> bieten eine vollst\u00e4ndige Abdeckung des Fahrzeugs von au\u00dfen.<\/p><p>Sie sind in keinem Fall enthalten:<\/p><ul><li>Sch\u00e4den im Inneren des Fahrzeugs.<\/li><li>Diebstahl, Verlust oder Besch\u00e4digung des Schl\u00fcssels.<\/li><li>Sch\u00e4den am Unterboden und am Dach.<\/li><li>Besch\u00e4digung des Motors und\/oder des Motorraums.<\/li><li>Strukturelle Sch\u00e4den.<\/li><li>Sch\u00e4den, die durch Fahrl\u00e4ssigkeit des Fahrers verursacht wurden (oder unter irgendwelchen Umst\u00e4nden, die gegen die Bedingungen des Mietvertrags versto\u00dfen).<\/li><li>Sch\u00e4den, die durch Verst\u00f6\u00dfe gegen die Verkehrs- und Stra\u00dfenverkehrsordnung verursacht werden.<\/li><li>Diebstahl oder Brand des Fahrzeugs.<\/li><li>Sch\u00e4den, die durch Naturkatastrophen verursacht wurden.<\/li><\/ul>\t\t\t\t\t\t\t\t<\/div>\n\t\t\t\t<\/div>\n\t\t<div id=\"e-n-tab-content-925742194\" role=\"tabpanel\" aria-labelledby=\"e-n-tab-title-925742194\" data-tab-index=\"4\" style=\"--n-tabs-title-order: 4;\" class=\" elementor-element elementor-element-4a8c2d8 e-con-full e-flex e-con e-child\" data-id=\"4a8c2d8\" data-element_type=\"container\" data-e-type=\"container\">\n\t\t\t\t<div class=\"elementor-element elementor-element-2eba4f9 elementor-widget elementor-widget-text-editor\" data-id=\"2eba4f9\" data-element_type=\"widget\" data-e-type=\"widget\" data-widget_type=\"text-editor.default\">\n\t\t\t\t\t\t\t\t\t<p>Kurzfristige Vermietungen d\u00fcrfen 25 Tage nicht \u00fcberschreiten.<\/p>\t\t\t\t\t\t\t\t<\/div>\n\t\t\t\t<\/div>\n\t\t<div id=\"e-n-tab-content-925742195\" role=\"tabpanel\" aria-labelledby=\"e-n-tab-title-925742195\" data-tab-index=\"5\" style=\"--n-tabs-title-order: 5;\" class=\" elementor-element elementor-element-7a3ad11 e-con-full e-flex e-con e-child\" data-id=\"7a3ad11\" data-element_type=\"container\" data-e-type=\"container\">\n\t\t\t\t<div class=\"elementor-element elementor-element-63a589a elementor-widget elementor-widget-text-editor\" data-id=\"63a589a\" data-element_type=\"widget\" data-e-type=\"widget\" data-widget_type=\"text-editor.default\">\n\t\t\t\t\t\t\t\t\t<p>Vertragsverl\u00e4ngerungen sind abh\u00e4ngig von der Verf\u00fcgbarkeit des Fahrzeugs. Sie m\u00fcssen sich dazu in die <strong>Moovers<\/strong>-B\u00fcros begeben. <\/p>\t\t\t\t\t\t\t\t<\/div>\n\t\t\t\t<\/div>\n\t\t<div id=\"e-n-tab-content-925742196\" role=\"tabpanel\" aria-labelledby=\"e-n-tab-title-925742196\" data-tab-index=\"6\" style=\"--n-tabs-title-order: 6;\" class=\" elementor-element elementor-element-1445e5d e-con-full e-flex e-con e-child\" data-id=\"1445e5d\" data-element_type=\"container\" data-e-type=\"container\">\n\t\t\t\t<div class=\"elementor-element elementor-element-d8ca959 elementor-widget elementor-widget-text-editor\" data-id=\"d8ca959\" data-element_type=\"widget\" data-e-type=\"widget\" data-widget_type=\"text-editor.default\">\n\t\t\t\t\t\t\t\t\t<p><strong>Alicante:<\/strong><\/p><p>Das \u00dcberschreiten der Grenze ist nicht erlaubt. Es ist nur erlaubt, das Fahrzeug auf dem Festland zu fahren. <\/p><p><strong>Palma de Mallorca:<\/strong><\/p><p>Es ist nicht gestattet, ein gemietetes Fahrzeug an Bord eines Schiffes, einer F\u00e4hre oder eines anderen Transportmittels zu nehmen. Die am Flughafen Palma de Mallorca gemieteten Fahrzeuge d\u00fcrfen nur auf der Insel Mallorca gefahren werden. <\/p>\t\t\t\t\t\t\t\t<\/div>\n\t\t\t\t<\/div>\n\t\t<div id=\"e-n-tab-content-925742197\" role=\"tabpanel\" aria-labelledby=\"e-n-tab-title-925742197\" data-tab-index=\"7\" style=\"--n-tabs-title-order: 7;\" class=\" elementor-element elementor-element-e53f9e6 e-con-full e-flex e-con e-child\" data-id=\"e53f9e6\" data-element_type=\"container\" data-e-type=\"container\">\n\t\t\t\t<div class=\"elementor-element elementor-element-2caf53c elementor-widget elementor-widget-text-editor\" data-id=\"2caf53c\" data-element_type=\"widget\" data-e-type=\"widget\" data-widget_type=\"text-editor.default\">\n\t\t\t\t\t\t\t\t\t<p>Wenn Sie \u00fcber unsere Website gebucht haben und Ihre Reservierung stornieren m\u00f6chten, senden Sie bitte eine E-Mail an <a href=\"mailto:info@moovers.es\">info@moovers.es<\/a> mit Ihrer Reservierungsnummer und dem Grund f\u00fcr die Stornierung.<\/p><p><strong>Stornierungsbedingungen:<\/strong><\/p><p>Innerhalb von 24 Stunden vor dem Datum und der Uhrzeit der Fahrzeug\u00fcbernahme -&gt; Kostenlos<\/p><p>Innerhalb von 24 Stunden vor dem Abholdatum und der Abholzeit -&gt; Nur erstattungsf\u00e4hig mit <strong>Infinity<\/strong>-Paket.<\/p>\t\t\t\t\t\t\t\t<\/div>\n\t\t\t\t<\/div>\n\t\t\t\t\t<\/div>\n\t\t<\/div>\n\t\t\t\t\t\t<\/div>\n\t\t\t\t\t<\/div>\n\t\t\t\t<\/div>\n\t\t\t\t<\/div>\n\t\t","protected":false},"excerpt":{"rendered":"<p>H\u00e4ufig gestellte Fragen Startseite FAQ Alles, was Sie wissen m\u00fcssen In diesem Abschnitt finden Sie Antworten auf die h\u00e4ufigsten Fragen zu unserem Mietwagenservice. Von der Buchung eines Fahrzeugs bis hin zu unseren Kraftstoff- und Versicherungsrichtlinien haben wir alle Informationen zusammengestellt, die Sie ben\u00f6tigen, um Ihre Erfahrung einfach und problemlos zu gestalten. Wenn Sie die gesuchte [&hellip;]<\/p>\n","protected":false},"author":1,"featured_media":0,"parent":0,"menu_order":0,"comment_status":"closed","ping_status":"closed","template":"","meta":{"footnotes":""},"class_list":["post-1979","page","type-page","status-publish","hentry"],"_links":{"self":[{"href":"https:\/\/www.moovers.es\/de\/wp-json\/wp\/v2\/pages\/1979","targetHints":{"allow":["GET"]}}],"collection":[{"href":"https:\/\/www.moovers.es\/de\/wp-json\/wp\/v2\/pages"}],"about":[{"href":"https:\/\/www.moovers.es\/de\/wp-json\/wp\/v2\/types\/page"}],"author":[{"embeddable":true,"href":"https:\/\/www.moovers.es\/de\/wp-json\/wp\/v2\/users\/1"}],"replies":[{"embeddable":true,"href":"https:\/\/www.moovers.es\/de\/wp-json\/wp\/v2\/comments?post=1979"}],"version-history":[{"count":0,"href":"https:\/\/www.moovers.es\/de\/wp-json\/wp\/v2\/pages\/1979\/revisions"}],"wp:attachment":[{"href":"https:\/\/www.moovers.es\/de\/wp-json\/wp\/v2\/media?parent=1979"}],"curies":[{"name":"wp","href":"https:\/\/api.w.org\/{rel}","templated":true}]}}